{"id":9,"date":"2026-03-12T22:13:38","date_gmt":"2026-03-12T22:13:38","guid":{"rendered":"https:\/\/infiniti-activacion.ibccorporativo.com\/?page_id=9"},"modified":"2026-04-09T23:09:40","modified_gmt":"2026-04-09T23:09:40","slug":"formulario-base","status":"publish","type":"page","link":"https:\/\/infiniti-activacion.ibccorporativo.com\/","title":{"rendered":"Formulario &#8211; Base"},"content":{"rendered":"\n<div class=\"container py-5\">\n    <div class=\"row\">\n        <div class=\"col\">\n            <img decoding=\"async\" src=\"https:\/\/infiniti-activacion.ibccorporativo.com\/wp-content\/uploads\/2026\/03\/Logoblanco-vertical.png\" alt=\"logo\" class=\"my-4 d-block mx-auto mx-lg-0\" style=\"max-width: 192px;\" \/>\n        <\/div>\n        <div class=\"col\">\n            <div class=\"d-flex justify-content-center justify-content-lg-end\">\n                <div class=\"card rounded-3 p-3\" style=\"width: 512px;\">\n                    <div class=\"card-body\">\n                        <h2 class=\"card-title text-center pb-2\">Informaci\u00f3n de Contacto<\/h2>\n                        <form id=\"formMain\">\n                            <div class=\"form-group py-2\">\n                                <label for=\"inputFullName\" class=\"fw-bold\">Nombre Completo<\/label>\n                                <input class=\"form-control mt-2\" id=\"inputFullName\" placeholder=\"Nombre Completo\" type=\"text\" required \/>\n                            <\/div>\n                            <div class=\"form-group py-2\">\n                                <label for=\"inputEmailAddress\" class=\"fw-bold\">Correo Electr\u00f3nico<\/label>\n                                <input class=\"form-control mt-2\" id=\"inputEmailAddress\" placeholder=\"Correo Electr\u00f3nico\" type=\"email\" required \/>\n                            <\/div>\n                            <div class=\"form-group py-2\">\n                                <label for=\"inputPhoneNumber\" class=\"fw-bold\">N\u00famero de Tel\u00e9fono<\/label>\n                                <input class=\"form-control mt-2\" id=\"inputPhoneNumber\" placeholder=\"N\u00famero de Tel\u00e9fono\" type=\"tel\" pattern=\"[0-9]{10}\" maxlength=\"10\" required \/>\n                            <\/div>\n                            <div class=\"form-group py-2\">\n                                <label for=\"inputEvent\" class=\"fw-bold\">Evento<\/label>\n                                <select class=\"form-select mt-2\" id=\"inputEvent\" required>\n                                    <option value=\"3a709113-640e-f011-80cf-0c9d9278dcc3\">Prelanzamiento QX60 Autograph<\/option>\n                                <\/select>\n                            <\/div>\n                            <div class=\"form-check py-2\">\n                                <input class=\"form-check-input\" type=\"checkbox\" value=\"\" id=\"inputGoVirtualDisclaimerAgree\" required>\n                                <label class=\"form-check-label\" for=\"inputGoVirtualDisclaimerAgree\">\n                                    <small>\n                                        He le\u00eddo y acepto el <a href=\"https:\/\/www.infinititijuana.mx\/aviso-de-privacidad\" target=\"_blank\">Aviso de Privacidad<\/a>\n                                    <\/small>\n                                <\/label>\n                            <\/div>\n                            <div class=\"form-check py-2\">\n                                <input class=\"form-check-input\" type=\"checkbox\" value=\"\" id=\"inputOptInTcpa\" required>\n                                <label class=\"form-check-label\" for=\"inputOptInTcpa\">\n                                    <small>\n                                         Al hacer clic en esta casilla, acepto recibir llamadas y mensajes de texto de telemercadeo en persona o automatizados de Infiniti Tijuana al n\u00famero que ingres\u00e9. Reconozco que mi consentimiento no es requesito para la compra.\n                                    <\/small>\n                                <\/label>\n                            <\/div>\n                            <button type=\"submit\" class=\"btn btn-lg btn-dark px-4 mt-4\">ENVIAR<\/button>\n                        <\/form>\n                    <\/div>\n                <\/div>\n            <\/div>\n        <\/div>\n    <\/div>\n<\/div>\n\n\n\n<script>\n  document.getElementById(\"formMain\").addEventListener(\"submit\", async function (e) {\n    e.preventDefault(); \/\/ Evita que el formulario recargue la p\u00e1gina\n\n    const inputEvent = document.getElementById(\"inputEvent\");\n\n    const inputFullNameValue = document.getElementById(\"inputFullName\").value;\n    const inputEmailAddressValue = document.getElementById(\"inputEmailAddress\").value;\n    const inputPhoneNumberValue = document.getElementById(\"inputPhoneNumber\").value;\n    const inputEventValue = inputEvent.value;\n    const inputEventText = inputEvent.options[inputEvent.selectedIndex].text;\n\n    \/\/ Crear objeto con los datos\n    const data = {\n      fullName: inputFullNameValue,\n      emailAddress: inputEmailAddressValue,\n      phoneNumber: inputPhoneNumberValue,\n      event: inputEventText\n    };\n\n    try {\n      \/\/ Enviar datos a la API\n      await fetch(\"https:\/\/api-360.ibccorporativo.com\/Public\/FormActivationEvent\/3a709113-640e-f011-80cf-0c9d9278dcc3\", {\n        method: \"POST\",\n        headers: {\n          \"Content-Type\": \"application\/json\"\n        },\n        body: JSON.stringify(data)\n      });\n\n      alert(\"Formulario Enviado Correctamente. \u00a1Gracias!\");\n\n      \/\/ Limpiar formulario\n      document.getElementById(\"formMain\").reset();\n    } catch (error) {\n      console.error(\"Error al enviar datos:\", error);\n    }\n\n    \/**\n     * RIO: f836bf7b-1d78-ee11-80c4-0c9d9278dcc3\n     * INSURGENTES: f8af3583-1d78-ee11-80c4-0c9d9278dcc3\n     * ENSENADA: f9af3583-1d78-ee11-80c4-0c9d9278dcc3\n     * SAN LAZARO: 7d4654bd-3a17-f011-80cf-0c9d9278dcc3\n     * SAN LUIS: cd4ca15d-3a17-f011-80cf-0c9d9278dcc3\n     * SAN PEDRO: 3eba0296-3a17-f011-80cf-0c9d9278dcc3\n     * \n     * INFINITI: 3a709113-640e-f011-80cf-0c9d9278dcc3\n     * \n     * IBC: 193d91bc-dbb0-ee11-80c7-0c9d9278dcc3\n    *\/\n  });\n<\/script>\n\n\n\n<style>\n  body {\n    background-image: url(\"https:\/\/infiniti-activacion.ibccorporativo.com\/wp-content\/uploads\/2026\/03\/BackForm-SL.png\");\n    background-repeat: no-repeat;\n  }\n\n\n  h2 {\n    font-family: 'Open Sans', sans-serif;\n    font-weight: bold;\n  }\n\n  a {\n    color: #999;\n  }\n<\/style>\n","protected":false},"excerpt":{"rendered":"<p>Informaci\u00f3n de Contacto Nombre Completo Correo Electr\u00f3nico N\u00famero de Tel\u00e9fono Evento Prelanzamiento QX60 Autograph He le\u00eddo y acepto el Aviso de Privacidad Al hacer clic en esta casilla, acepto recibir llamadas y mensajes de texto de telemercadeo en persona o automatizados de Infiniti Tijuana al n\u00famero que ingres\u00e9. Reconozco que mi consentimiento no es requesito [&hellip;]<\/p>\n","protected":false},"author":1,"featured_media":0,"parent":0,"menu_order":0,"comment_status":"closed","ping_status":"closed","template":"wp-custom-template-p-gina-simple-full-width","meta":{"footnotes":""},"class_list":["post-9","page","type-page","status-publish","hentry"],"_links":{"self":[{"href":"https:\/\/infiniti-activacion.ibccorporativo.com\/index.php\/wp-json\/wp\/v2\/pages\/9","targetHints":{"allow":["GET"]}}],"collection":[{"href":"https:\/\/infiniti-activacion.ibccorporativo.com\/index.php\/wp-json\/wp\/v2\/pages"}],"about":[{"href":"https:\/\/infiniti-activacion.ibccorporativo.com\/index.php\/wp-json\/wp\/v2\/types\/page"}],"author":[{"embeddable":true,"href":"https:\/\/infiniti-activacion.ibccorporativo.com\/index.php\/wp-json\/wp\/v2\/users\/1"}],"replies":[{"embeddable":true,"href":"https:\/\/infiniti-activacion.ibccorporativo.com\/index.php\/wp-json\/wp\/v2\/comments?post=9"}],"version-history":[{"count":15,"href":"https:\/\/infiniti-activacion.ibccorporativo.com\/index.php\/wp-json\/wp\/v2\/pages\/9\/revisions"}],"predecessor-version":[{"id":35,"href":"https:\/\/infiniti-activacion.ibccorporativo.com\/index.php\/wp-json\/wp\/v2\/pages\/9\/revisions\/35"}],"wp:attachment":[{"href":"https:\/\/infiniti-activacion.ibccorporativo.com\/index.php\/wp-json\/wp\/v2\/media?parent=9"}],"curies":[{"name":"wp","href":"https:\/\/api.w.org\/{rel}","templated":true}]}}